{"id":6110,"date":"2022-04-06T04:05:08","date_gmt":"2022-04-06T04:05:08","guid":{"rendered":"https:\/\/patiotime.loftocean.com\/demo2\/?page_id=6110"},"modified":"2026-04-30T14:09:10","modified_gmt":"2026-04-30T12:09:10","slug":"rezerwacje","status":"publish","type":"page","link":"https:\/\/chaps.wroclaw.pl\/it\/rezerwacje\/","title":{"rendered":"Rezerwacja"},"content":{"rendered":"<div data-elementor-type=\"wp-page\" data-elementor-id=\"6110\" class=\"elementor elementor-6110\" data-elementor-post-type=\"page\">\n\t\t\t\t\t\t<section class=\"elementor-section elementor-top-section elementor-element elementor-element-7b5289dd pt-section-content-fullwidth elementor-section-boxed elementor-section-height-default elementor-section-height-default\" data-id=\"7b5289dd\" data-element_type=\"section\" data-e-type=\"section\" data-settings=\"{&quot;background_background&quot;:&quot;classic&quot;}\">\n\t\t\t\t\t\t\t<div class=\"elementor-background-overlay\"><\/div>\n\t\t\t\t\t\t\t<div class=\"elementor-container elementor-column-gap-no\">\n\t\t\t\t\t<div class=\"elementor-column elementor-col-100 elementor-top-column elementor-element elementor-element-179931c8\" data-id=\"179931c8\" data-element_type=\"column\" data-e-type=\"column\">\n\t\t\t<div class=\"elementor-widget-wrap elementor-element-populated\">\n\t\t\t\t\t\t<div class=\"elementor-element elementor-element-6ccaa620 elementor-widget elementor-widget-pt_title\" data-id=\"6ccaa620\" data-element_type=\"widget\" data-e-type=\"widget\" data-widget_type=\"pt_title.default\">\n\t\t\t\t<div class=\"elementor-widget-container\">\n\t\t\t\t\t\n        <div class=\"pt-title-wrap text-center\">\t            <div class=\"pt-subtitle-wrap\"><span class=\"pt-subtitle color-secondary style-bordered\">Online Reservation<\/span><\/div>\t            <h1 class=\"pt-title color-white\">\n\t                Parties &amp; Events\t            <\/h1>\t            <div class=\"pt-title-text\">\n\t                <p data-start=\"0\" data-end=\"241\">Chaps Wroc\u0142aw to idealne miejsce na lu\u017ane spotkania i mniej formalne wydarzenia w dobrym stylu. Mo\u017cesz wpa\u015b\u0107 tu ze znajomymi, zorganizowa\u0107 niewielkie spotkanie przy burgerach albo po prostu zebra\u0107 ekip\u0119 przy dobrym jedzeniu w centrum miasta.<\/p><p data-start=\"243\" data-end=\"476\" data-is-last-node=\"\" data-is-only-node=\"\">Miejski klimat, lokalizacja niedaleko Starego Miasta i menu oparte na konkretnych smash burgerach sprawiaj\u0105, \u017ce Chaps dobrze sprawdza si\u0119 jako miejsce na wsp\u00f3lne wyj\u015bcie \u2014 bez sztywnej atmosfery, za to z jedzeniem, kt\u00f3re robi robot\u0119.<\/p>\t            <\/div>        <\/div>\t\t\t\t<\/div>\n\t\t\t\t<\/div>\n\t\t\t\t<div class=\"elementor-element elementor-element-3356abb8 elementor-widget elementor-widget-pt_form_cf7\" data-id=\"3356abb8\" data-element_type=\"widget\" data-e-type=\"widget\" data-widget_type=\"pt_form_cf7.default\">\n\t\t\t\t<div class=\"elementor-widget-container\">\n\t\t\t\t\t            <div class=\"pt-form-cf7 placeholder-normal\">\n                <div class=\"pt-form-cf7-wrap\">\n<div class=\"wpcf7 no-js\" id=\"wpcf7-f622-o1\" lang=\"en-US\" dir=\"ltr\" data-wpcf7-id=\"622\">\n<div class=\"screen-reader-response\"><p role=\"status\" aria-live=\"polite\" aria-atomic=\"true\"><\/p> <ul><\/ul><\/div>\n<form action=\"\/it\/wp-json\/wp\/v2\/pages\/6110#wpcf7-f622-o1\" method=\"post\" class=\"wpcf7-form init\" aria-label=\"Contact form\" novalidate=\"novalidate\" data-status=\"init\" data-trp-original-action=\"\/it\/wp-json\/wp\/v2\/pages\/6110#wpcf7-f622-o1\">\n<fieldset class=\"hidden-fields-container\"><input type=\"hidden\" name=\"_wpcf7\" value=\"622\" \/><input type=\"hidden\" name=\"_wpcf7_version\" value=\"6.1.5\" \/><input type=\"hidden\" name=\"_wpcf7_locale\" value=\"en_US\" \/><input type=\"hidden\" name=\"_wpcf7_unit_tag\" value=\"wpcf7-f622-o1\" \/><input type=\"hidden\" name=\"_wpcf7_container_post\" value=\"0\" \/><input type=\"hidden\" name=\"_wpcf7_posted_data_hash\" value=\"\" \/>\n<\/fieldset>\n<div class=\"row\">\n\t<div class=\"col-1-3 select-wrap\">\n\t\t<p><span class=\"wpcf7-form-control-wrap\" data-name=\"partySize\"><select class=\"wpcf7-form-control wpcf7-select wpcf7-validates-as-required\" aria-required=\"true\" aria-invalid=\"false\" name=\"partySize\"><option value=\"1 Person\">1 Person<\/option><option value=\"2 People\">2 People<\/option><option value=\"3 People\">3 People<\/option><option value=\"4 People\">4 People<\/option><option value=\"5 People\">5 People<\/option><option value=\"6 People\">6 People<\/option><option value=\"7 People\">7 People<\/option><option value=\"8 People\">8 People<\/option><option value=\"9 People\">9 People<\/option><option value=\"10 People\">10 People<\/option><option value=\"11 People\">11 People<\/option><option value=\"12 People\">12 People<\/option><option value=\"13 People\">13 People<\/option><option value=\"14 People\">14 People<\/option><option value=\"15 People\">15 People<\/option><option value=\"16 People\">16 People<\/option><option value=\"17 People\">17 People<\/option><option value=\"18 People\">18 People<\/option><option value=\"19 People\">19 People<\/option><option value=\"20 People\">20 People<\/option><\/select><\/span>\n\t\t<\/p>\n\t<\/div>\n\t<div class=\"col-1-3\">\n\t\t<p><span class=\"wpcf7-form-control-wrap\" data-name=\"startDate\"><input class=\"wpcf7-form-control wpcf7-date wpcf7-validates-as-required wpcf7-validates-as-date\" min=\"2026-05-14\" aria-required=\"true\" aria-invalid=\"false\" value=\"2026-05-14\" type=\"date\" name=\"startDate\" \/><\/span>\n\t\t<\/p>\n\t<\/div>\n\t<div class=\"col-1-3 select-wrap\">\n\t\t<p><span class=\"wpcf7-form-control-wrap\" data-name=\"ResTime\"><select class=\"wpcf7-form-control wpcf7-select wpcf7-validates-as-required\" aria-required=\"true\" aria-invalid=\"false\" name=\"ResTime\"><option value=\"10:00 AM\">10:00 AM<\/option><option value=\"10:30 AM\">10:30 AM<\/option><option value=\"11:00 AM\">11:00 AM<\/option><option value=\"11:30 AM\">11:30 AM<\/option><option value=\"12:00 PM\">12:00 PM<\/option><option value=\"12:30 PM\">12:30 PM<\/option><option value=\"1:00 PM\">1:00 PM<\/option><option value=\"1:30 PM\">1:30 PM<\/option><option value=\"2:00 PM\">2:00 PM<\/option><option value=\"2:30 PM\">2:30 PM<\/option><option value=\"3:00 PM\">3:00 PM<\/option><option value=\"3:30 PM\">3:30 PM<\/option><option value=\"4:00 PM\">4:00 PM<\/option><option value=\"4:30 PM\">4:30 PM<\/option><option value=\"5:00 PM\">5:00 PM<\/option><option value=\"5:30 PM\">5:30 PM<\/option><option value=\"6:00 PM\">6:00 PM<\/option><option value=\"6:30 PM\">6:30 PM<\/option><option value=\"7:00 PM\">7:00 PM<\/option><option value=\"7:30 PM\">7:30 PM<\/option><option value=\"8:00 PM\">8:00 PM<\/option><option value=\"8:30 PM\">8:30 PM<\/option><option value=\"9:00 PM\">9:00 PM<\/option><option value=\"9:30 PM\">9:30 PM<\/option><option value=\"10:00 PM\">10:00 PM<\/option><option value=\"10:30 PM\">10:30 PM<\/option><\/select><\/span>\n\t\t<\/p>\n\t<\/div>\n<\/div>\n<div class=\"row\">\n\t<div class=\"col-1-3\">\n\t\t<p><span class=\"wpcf7-form-control-wrap\" data-name=\"text-160\"><input size=\"40\" maxlength=\"400\" class=\"wpcf7-form-control wpcf7-text wpcf7-validates-as-required\" aria-required=\"true\" aria-invalid=\"false\" placeholder=\"Your Name\" value=\"\" type=\"text\" name=\"text-160\" \/><\/span>\n\t\t<\/p>\n\t<\/div>\n\t<div class=\"col-1-3\">\n\t\t<p><span class=\"wpcf7-form-control-wrap\" data-name=\"email-324\"><input size=\"40\" maxlength=\"400\" class=\"wpcf7-form-control wpcf7-email wpcf7-validates-as-required wpcf7-text wpcf7-validates-as-email\" aria-required=\"true\" aria-invalid=\"false\" placeholder=\"Email\" value=\"\" type=\"email\" name=\"email-324\" \/><\/span>\n\t\t<\/p>\n\t<\/div>\n\t<div class=\"col-1-3\">\n\t\t<p><span class=\"wpcf7-form-control-wrap\" data-name=\"tel-364\"><input size=\"40\" maxlength=\"400\" class=\"wpcf7-form-control wpcf7-tel wpcf7-validates-as-required wpcf7-text wpcf7-validates-as-tel\" aria-required=\"true\" aria-invalid=\"false\" placeholder=\"Phone\" value=\"\" type=\"tel\" name=\"tel-364\" \/><\/span>\n\t\t<\/p>\n\t<\/div>\n<\/div>\n<p><span class=\"wpcf7-form-control-wrap\" data-name=\"textarea-50\"><textarea cols=\"40\" rows=\"10\" maxlength=\"2000\" class=\"wpcf7-form-control wpcf7-textarea\" aria-invalid=\"false\" placeholder=\"Special Requests\" name=\"textarea-50\"><\/textarea><\/span>\n<\/p>\n<p class=\"text-center\"><input class=\"wpcf7-form-control wpcf7-submit has-spinner\" type=\"submit\" value=\"Book A Table Now\" \/>\n<\/p><div class=\"wpcf7-response-output\" aria-hidden=\"true\"><\/div>\n<input type=\"hidden\" name=\"trp-form-language\" value=\"it\"\/><\/form>\n<\/div>\n<\/div>\n            <\/div>\t\t\t\t<\/div>\n\t\t\t\t<\/div>\n\t\t\t\t\t<\/div>\n\t\t<\/div>\n\t\t\t\t\t<\/div>\n\t\t<\/section>\n\t\t\t\t<\/div>","protected":false},"excerpt":{"rendered":"<p>Online Reservation Parties &amp; Events Chaps Wroc\u0142aw to idealne miejsce na lu\u017ane spotkania i mniej formalne wydarzenia w dobrym stylu. Mo\u017cesz wpa\u015b\u0107 tu ze znajomymi, zorganizowa\u0107 niewielkie spotkanie przy burgerach albo po prostu zebra\u0107 ekip\u0119 przy dobrym jedzeniu w centrum miasta. Miejski klimat, lokalizacja niedaleko Starego Miasta i menu oparte na konkretnych smash burgerach sprawiaj\u0105, &#8230;<\/p>","protected":false},"author":1,"featured_media":0,"parent":0,"menu_order":0,"comment_status":"closed","ping_status":"closed","template":"template-wide-content.php","meta":{"patiotime_single_page_hide_site_header":"","patiotime_single_page_site_header_source":"","patiotime_single_page_custom_site_header":"0","patiotime_single_page_custom_sticky_site_header":"0","patiotime_single_page_custom_page_title_margin_top_source":"","patiotime_single_page_custom_page_title_desktop_margin_top":"","patiotime_single_page_custom_page_title_tablet_margin_top":"","patiotime_single_page_custom_page_title_mobile_margin_top":"","patiotime_single_page_hide_page_title":"on","patiotime_single_page_header_section_size":"","patiotime_single_page_header_background_color":"","patiotime_single_page_header_background_position_x":"center","patiotime_single_page_header_background_position_y":"center","patiotime_single_page_header_background_size":"cover","patiotime_single_page_header_background_repeat":"off","patiotime_single_page_header_background_scroll":"on","patiotime_single_page_header_text_color":"","patiotime_single_page_header_show_breadcrumb":"","patiotime_single_page_site_footer_hide_main":"","patiotime_single_custom_site_footer_main_source":"","patiotime_single_custom_site_footer_main":"0","patiotime_single_page_site_footer_hide_above":"on","patiotime_single_custom_site_footer_above_source":"","patiotime_single_custom_site_footer_above":"0","patiotime_single_page_site_footer_hide_instagram":"","patiotime_single_page_site_footer_hide_bottom":"","patiotime_single_custom_mobile_menu_source":"","patiotime_single_custom_mobile_menu":"0","patiotime_single_custom_mobile_menu_animation":"","patiotime_single_custom_mobile_menu_width":"","patiotime_single_custom_mobile_menu_custom_width":375,"footnotes":""},"class_list":["post-6110","page","type-page","status-publish","hentry"],"yoast_head":"<!-- This site is optimized with the Yoast SEO plugin v27.6 - https:\/\/yoast.com\/product\/yoast-seo-wordpress\/ -->\n<title>Rezerwacja - Chaps Wroc\u0142aw<\/title>\n<meta name=\"robots\" content=\"index, follow, max-snippet:-1, max-image-preview:large, max-video-preview:-1\" \/>\n<link rel=\"canonical\" href=\"https:\/\/chaps.wroclaw.pl\/it\/rezerwacje\/\" \/>\n<meta property=\"og:locale\" content=\"it_IT\" \/>\n<meta property=\"og:type\" content=\"article\" \/>\n<meta property=\"og:title\" content=\"Rezerwacja - Chaps Wroc\u0142aw\" \/>\n<meta property=\"og:description\" content=\"Online Reservation Parties &amp; Events Chaps Wroc\u0142aw to idealne miejsce na lu\u017ane spotkania i mniej formalne wydarzenia w dobrym stylu. Mo\u017cesz wpa\u015b\u0107 tu ze znajomymi, zorganizowa\u0107 niewielkie spotkanie przy burgerach albo po prostu zebra\u0107 ekip\u0119 przy dobrym jedzeniu w centrum miasta. Miejski klimat, lokalizacja niedaleko Starego Miasta i menu oparte na konkretnych smash burgerach sprawiaj\u0105, ...\" \/>\n<meta property=\"og:url\" content=\"https:\/\/chaps.wroclaw.pl\/it\/rezerwacje\/\" \/>\n<meta property=\"og:site_name\" content=\"Chaps Wroc\u0142aw\" \/>\n<meta property=\"article:publisher\" content=\"https:\/\/www.facebook.com\/p\/CHAPS-Wrocaw-61582998044513\/\" \/>\n<meta property=\"article:modified_time\" content=\"2026-04-30T12:09:10+00:00\" \/>\n<meta name=\"twitter:card\" content=\"summary_large_image\" \/>\n<meta name=\"twitter:label1\" content=\"Tempo di lettura stimato\" \/>\n\t<meta name=\"twitter:data1\" content=\"1 minuto\" \/>\n<script type=\"application\/ld+json\" class=\"yoast-schema-graph\">{\"@context\":\"https:\\\/\\\/schema.org\",\"@graph\":[{\"@type\":\"WebPage\",\"@id\":\"https:\\\/\\\/chaps.wroclaw.pl\\\/rezerwacje\\\/\",\"url\":\"https:\\\/\\\/chaps.wroclaw.pl\\\/rezerwacje\\\/\",\"name\":\"Rezerwacja - Chaps Wroc\u0142aw\",\"isPartOf\":{\"@id\":\"https:\\\/\\\/chaps.wroclaw.pl\\\/#website\"},\"datePublished\":\"2022-04-06T04:05:08+00:00\",\"dateModified\":\"2026-04-30T12:09:10+00:00\",\"breadcrumb\":{\"@id\":\"https:\\\/\\\/chaps.wroclaw.pl\\\/rezerwacje\\\/#breadcrumb\"},\"inLanguage\":\"it-IT\",\"potentialAction\":[{\"@type\":\"ReadAction\",\"target\":[\"https:\\\/\\\/chaps.wroclaw.pl\\\/rezerwacje\\\/\"]}]},{\"@type\":\"BreadcrumbList\",\"@id\":\"https:\\\/\\\/chaps.wroclaw.pl\\\/rezerwacje\\\/#breadcrumb\",\"itemListElement\":[{\"@type\":\"ListItem\",\"position\":1,\"name\":\"Strona g\u0142\u00f3wna\",\"item\":\"https:\\\/\\\/chaps.wroclaw.pl\\\/\"},{\"@type\":\"ListItem\",\"position\":2,\"name\":\"Rezerwacja\"}]},{\"@type\":\"WebSite\",\"@id\":\"https:\\\/\\\/chaps.wroclaw.pl\\\/#website\",\"url\":\"https:\\\/\\\/chaps.wroclaw.pl\\\/\",\"name\":\"Smash Burger Chaps Wroc\u0142aw\",\"description\":\"Smash Burger Wroc\u0142aw\",\"publisher\":{\"@id\":\"https:\\\/\\\/chaps.wroclaw.pl\\\/#organization\"},\"potentialAction\":[{\"@type\":\"SearchAction\",\"target\":{\"@type\":\"EntryPoint\",\"urlTemplate\":\"https:\\\/\\\/chaps.wroclaw.pl\\\/?s={search_term_string}\"},\"query-input\":{\"@type\":\"PropertyValueSpecification\",\"valueRequired\":true,\"valueName\":\"search_term_string\"}}],\"inLanguage\":\"it-IT\"},{\"@type\":\"Organization\",\"@id\":\"https:\\\/\\\/chaps.wroclaw.pl\\\/#organization\",\"name\":\"Chaps Wroc\u0142aw\",\"url\":\"https:\\\/\\\/chaps.wroclaw.pl\\\/\",\"logo\":{\"@type\":\"ImageObject\",\"inLanguage\":\"it-IT\",\"@id\":\"https:\\\/\\\/chaps.wroclaw.pl\\\/#\\\/schema\\\/logo\\\/image\\\/\",\"url\":\"https:\\\/\\\/chaps.wroclaw.pl\\\/wp-content\\\/uploads\\\/2026\\\/03\\\/cropped-cropped-favicon-chaps-wroclaw-1.webp\",\"contentUrl\":\"https:\\\/\\\/chaps.wroclaw.pl\\\/wp-content\\\/uploads\\\/2026\\\/03\\\/cropped-cropped-favicon-chaps-wroclaw-1.webp\",\"width\":511,\"height\":511,\"caption\":\"Chaps Wroc\u0142aw\"},\"image\":{\"@id\":\"https:\\\/\\\/chaps.wroclaw.pl\\\/#\\\/schema\\\/logo\\\/image\\\/\"},\"sameAs\":[\"https:\\\/\\\/www.facebook.com\\\/p\\\/CHAPS-Wrocaw-61582998044513\\\/\",\"https:\\\/\\\/www.instagram.com\\\/chaps.wroclaw\\\/\"]}]}<\/script>\n<!-- \/ Yoast SEO plugin. -->","yoast_head_json":{"title":"Rezerwacja - Chaps Wroc\u0142aw","robots":{"index":"index","follow":"follow","max-snippet":"max-snippet:-1","max-image-preview":"max-image-preview:large","max-video-preview":"max-video-preview:-1"},"canonical":"https:\/\/chaps.wroclaw.pl\/it\/rezerwacje\/","og_locale":"it_IT","og_type":"article","og_title":"Rezerwacja - Chaps Wroc\u0142aw","og_description":"Online Reservation Parties &amp; Events Chaps Wroc\u0142aw to idealne miejsce na lu\u017ane spotkania i mniej formalne wydarzenia w dobrym stylu. Mo\u017cesz wpa\u015b\u0107 tu ze znajomymi, zorganizowa\u0107 niewielkie spotkanie przy burgerach albo po prostu zebra\u0107 ekip\u0119 przy dobrym jedzeniu w centrum miasta. Miejski klimat, lokalizacja niedaleko Starego Miasta i menu oparte na konkretnych smash burgerach sprawiaj\u0105, ...","og_url":"https:\/\/chaps.wroclaw.pl\/it\/rezerwacje\/","og_site_name":"Chaps Wroc\u0142aw","article_publisher":"https:\/\/www.facebook.com\/p\/CHAPS-Wrocaw-61582998044513\/","article_modified_time":"2026-04-30T12:09:10+00:00","twitter_card":"summary_large_image","twitter_misc":{"Tempo di lettura stimato":"1 minuto"},"schema":{"@context":"https:\/\/schema.org","@graph":[{"@type":"WebPage","@id":"https:\/\/chaps.wroclaw.pl\/rezerwacje\/","url":"https:\/\/chaps.wroclaw.pl\/rezerwacje\/","name":"Rezerwacja - Chaps Wroc\u0142aw","isPartOf":{"@id":"https:\/\/chaps.wroclaw.pl\/#website"},"datePublished":"2022-04-06T04:05:08+00:00","dateModified":"2026-04-30T12:09:10+00:00","breadcrumb":{"@id":"https:\/\/chaps.wroclaw.pl\/rezerwacje\/#breadcrumb"},"inLanguage":"it-IT","potentialAction":[{"@type":"ReadAction","target":["https:\/\/chaps.wroclaw.pl\/rezerwacje\/"]}]},{"@type":"BreadcrumbList","@id":"https:\/\/chaps.wroclaw.pl\/rezerwacje\/#breadcrumb","itemListElement":[{"@type":"ListItem","position":1,"name":"Strona g\u0142\u00f3wna","item":"https:\/\/chaps.wroclaw.pl\/"},{"@type":"ListItem","position":2,"name":"Rezerwacja"}]},{"@type":"WebSite","@id":"https:\/\/chaps.wroclaw.pl\/#website","url":"https:\/\/chaps.wroclaw.pl\/","name":"Smash Burger Chaps Wroc\u0142aw","description":"Smash Burger Wroc\u0142aw","publisher":{"@id":"https:\/\/chaps.wroclaw.pl\/#organization"},"potentialAction":[{"@type":"SearchAction","target":{"@type":"EntryPoint","urlTemplate":"https:\/\/chaps.wroclaw.pl\/?s={search_term_string}"},"query-input":{"@type":"PropertyValueSpecification","valueRequired":true,"valueName":"search_term_string"}}],"inLanguage":"it-IT"},{"@type":"Organization","@id":"https:\/\/chaps.wroclaw.pl\/#organization","name":"Chaps Wroclaw","url":"https:\/\/chaps.wroclaw.pl\/","logo":{"@type":"ImageObject","inLanguage":"it-IT","@id":"https:\/\/chaps.wroclaw.pl\/#\/schema\/logo\/image\/","url":"https:\/\/chaps.wroclaw.pl\/wp-content\/uploads\/2026\/03\/cropped-cropped-favicon-chaps-wroclaw-1.webp","contentUrl":"https:\/\/chaps.wroclaw.pl\/wp-content\/uploads\/2026\/03\/cropped-cropped-favicon-chaps-wroclaw-1.webp","width":511,"height":511,"caption":"Chaps Wroc\u0142aw"},"image":{"@id":"https:\/\/chaps.wroclaw.pl\/#\/schema\/logo\/image\/"},"sameAs":["https:\/\/www.facebook.com\/p\/CHAPS-Wrocaw-61582998044513\/","https:\/\/www.instagram.com\/chaps.wroclaw\/"]}]}},"_links":{"self":[{"href":"https:\/\/chaps.wroclaw.pl\/it\/wp-json\/wp\/v2\/pages\/6110","targetHints":{"allow":["GET"]}}],"collection":[{"href":"https:\/\/chaps.wroclaw.pl\/it\/wp-json\/wp\/v2\/pages"}],"about":[{"href":"https:\/\/chaps.wroclaw.pl\/it\/wp-json\/wp\/v2\/types\/page"}],"author":[{"embeddable":true,"href":"https:\/\/chaps.wroclaw.pl\/it\/wp-json\/wp\/v2\/users\/1"}],"replies":[{"embeddable":true,"href":"https:\/\/chaps.wroclaw.pl\/it\/wp-json\/wp\/v2\/comments?post=6110"}],"version-history":[{"count":4,"href":"https:\/\/chaps.wroclaw.pl\/it\/wp-json\/wp\/v2\/pages\/6110\/revisions"}],"predecessor-version":[{"id":6927,"href":"https:\/\/chaps.wroclaw.pl\/it\/wp-json\/wp\/v2\/pages\/6110\/revisions\/6927"}],"wp:attachment":[{"href":"https:\/\/chaps.wroclaw.pl\/it\/wp-json\/wp\/v2\/media?parent=6110"}],"curies":[{"name":"wp","href":"https:\/\/api.w.org\/{rel}","templated":true}]}}