{"id":2,"date":"2026-03-08T20:53:15","date_gmt":"2026-03-08T19:53:15","guid":{"rendered":"https:\/\/example.com\/?page_id=2"},"modified":"2026-03-11T10:42:15","modified_gmt":"2026-03-11T09:42:15","slug":"chaps-wroclaw","status":"publish","type":"page","link":"https:\/\/chaps.wroclaw.pl\/it\/chaps-wroclaw\/","title":{"rendered":"Chaps Wroclaw"},"content":{"rendered":"<div data-elementor-type=\"wp-page\" data-elementor-id=\"2\" class=\"elementor elementor-2\" data-elementor-post-type=\"page\">\n\t\t\t\t<div class=\"elementor-element elementor-element-10eaa9f e-flex e-con-boxed e-con e-parent\" data-id=\"10eaa9f\" data-element_type=\"container\" data-e-type=\"container\">\n\t\t\t\t\t<div class=\"e-con-inner\">\n\t\t\t\t<div class=\"elementor-element elementor-element-add5a38 elementor-widget elementor-widget-spacer\" data-id=\"add5a38\" data-element_type=\"widget\" data-e-type=\"widget\" data-widget_type=\"spacer.default\">\n\t\t\t\t\t\t\t<div class=\"elementor-spacer\">\n\t\t\t<div class=\"elementor-spacer-inner\"><\/div>\n\t\t<\/div>\n\t\t\t\t\t\t<\/div>\n\t\t\t\t\t<\/div>\n\t\t\t\t<\/div>\n\t\t<div class=\"elementor-element elementor-element-8dbb5c5 e-flex e-con-boxed e-con e-parent\" data-id=\"8dbb5c5\" data-element_type=\"container\" data-e-type=\"container\">\n\t\t\t\t\t<div class=\"e-con-inner\">\n\t\t\t\t<div class=\"elementor-element elementor-element-16d7fad e-transform animated-slow elementor-invisible elementor-widget elementor-widget-image\" data-id=\"16d7fad\" data-element_type=\"widget\" data-e-type=\"widget\" data-settings=\"{&quot;_animation&quot;:&quot;rollIn&quot;,&quot;_transform_scale_effect_hover&quot;:{&quot;unit&quot;:&quot;px&quot;,&quot;size&quot;:1,&quot;sizes&quot;:[]},&quot;_transform_scale_effect_hover_tablet&quot;:{&quot;unit&quot;:&quot;px&quot;,&quot;size&quot;:&quot;&quot;,&quot;sizes&quot;:[]},&quot;_transform_scale_effect_hover_mobile&quot;:{&quot;unit&quot;:&quot;px&quot;,&quot;size&quot;:&quot;&quot;,&quot;sizes&quot;:[]}}\" data-widget_type=\"image.default\">\n\t\t\t\t\t\t\t\t\t\t\t\t\t\t\t\t<a href=\"https:\/\/chaps.wroclaw.pl\/it\/menu\/\">\n\t\t\t\t\t\t\t<img fetchpriority=\"high\" decoding=\"async\" width=\"1024\" height=\"1024\" src=\"https:\/\/chaps.wroclaw.pl\/wp-content\/uploads\/2026\/03\/CHAPS-GASTROPUB-WROCLAW-logo-1024x1024.webp\" class=\"elementor-animation-buzz attachment-large size-large wp-image-51\" alt=\"logo Chaps Wroc\u0142aw\" srcset=\"https:\/\/chaps.wroclaw.pl\/wp-content\/uploads\/2026\/03\/CHAPS-GASTROPUB-WROCLAW-logo-1024x1024.webp 1024w, https:\/\/chaps.wroclaw.pl\/wp-content\/uploads\/2026\/03\/CHAPS-GASTROPUB-WROCLAW-logo-300x300.webp 300w, https:\/\/chaps.wroclaw.pl\/wp-content\/uploads\/2026\/03\/CHAPS-GASTROPUB-WROCLAW-logo-150x150.webp 150w, https:\/\/chaps.wroclaw.pl\/wp-content\/uploads\/2026\/03\/CHAPS-GASTROPUB-WROCLAW-logo-600x600.webp 600w, https:\/\/chaps.wroclaw.pl\/wp-content\/uploads\/2026\/03\/CHAPS-GASTROPUB-WROCLAW-logo-768x768.webp 768w, https:\/\/chaps.wroclaw.pl\/wp-content\/uploads\/2026\/03\/CHAPS-GASTROPUB-WROCLAW-logo-1536x1536.webp 1536w, https:\/\/chaps.wroclaw.pl\/wp-content\/uploads\/2026\/03\/CHAPS-GASTROPUB-WROCLAW-logo.webp 2000w\" sizes=\"(max-width: 1024px) 100vw, 1024px\" \/>\t\t\t\t\t\t\t\t<\/a>\n\t\t\t\t\t\t\t\t\t\t\t\t\t\t\t<\/div>\n\t\t\t\t<div class=\"elementor-element elementor-element-36e4b97 elementor-widget elementor-widget-text-editor\" data-id=\"36e4b97\" data-element_type=\"widget\" data-e-type=\"widget\" data-widget_type=\"text-editor.default\">\n\t\t\t\t\t\t\t\t\t<p><a href=\"https:\/\/chaps.wroclaw.pl\/it\/menu\/\">ZOBACZ KART\u0118 KOKTAJLI<\/a><\/p>\t\t\t\t\t\t\t\t<\/div>\n\t\t\t\t\t<\/div>\n\t\t\t\t<\/div>\n\t\t<div class=\"elementor-element elementor-element-9fecefb e-flex e-con-boxed e-con e-parent\" data-id=\"9fecefb\" data-element_type=\"container\" data-e-type=\"container\">\n\t\t\t\t\t<div class=\"e-con-inner\">\n\t\t\t\t<div class=\"elementor-element elementor-element-2ea0abc elementor-widget elementor-widget-text-editor\" data-id=\"2ea0abc\" data-element_type=\"widget\" data-e-type=\"widget\" data-widget_type=\"text-editor.default\">\n\t\t\t\t\t\t\t\t\t<p>Dodaj relacj\u0119<\/p>\t\t\t\t\t\t\t\t<\/div>\n\t\t\t\t<div class=\"elementor-element elementor-element-108b82c elementor-hidden-desktop elementor-widget elementor-widget-image\" data-id=\"108b82c\" data-element_type=\"widget\" data-e-type=\"widget\" data-widget_type=\"image.default\">\n\t\t\t\t\t\t\t\t\t\t\t\t\t\t\t\t<a href=\"https:\/\/www.instagram.com\/\">\n\t\t\t\t\t\t\t<img decoding=\"async\" width=\"300\" height=\"300\" src=\"https:\/\/chaps.wroclaw.pl\/wp-content\/uploads\/2026\/03\/instagram-300x300.png\" class=\"elementor-animation-push attachment-medium size-medium wp-image-234\" alt=\"\" srcset=\"https:\/\/chaps.wroclaw.pl\/wp-content\/uploads\/2026\/03\/instagram-300x300.png 300w, https:\/\/chaps.wroclaw.pl\/wp-content\/uploads\/2026\/03\/instagram-150x150.png 150w, https:\/\/chaps.wroclaw.pl\/wp-content\/uploads\/2026\/03\/instagram.png 512w\" sizes=\"(max-width: 300px) 100vw, 300px\" \/>\t\t\t\t\t\t\t\t<\/a>\n\t\t\t\t\t\t\t\t\t\t\t\t\t\t\t<\/div>\n\t\t\t\t<div class=\"elementor-element elementor-element-2fc2273 elementor-widget elementor-widget-text-editor\" data-id=\"2fc2273\" data-element_type=\"widget\" data-e-type=\"widget\" data-widget_type=\"text-editor.default\">\n\t\t\t\t\t\t\t\t\t<p>i oznacz <a href=\"https:\/\/www.instagram.com\/chaps.wroclaw\/\">@chaps.wroclaw<\/a><\/p>\t\t\t\t\t\t\t\t<\/div>\n\t\t\t\t\t<\/div>\n\t\t\t\t<\/div>\n\t\t\t\t<\/div>","protected":false},"excerpt":{"rendered":"<p>ZOBACZ KART\u0118 KOKTAJLI Dodaj relacj\u0119 i oznacz @chaps.wroclaw<\/p>","protected":false},"author":1,"featured_media":0,"parent":0,"menu_order":0,"comment_status":"closed","ping_status":"closed","template":"elementor_canvas","meta":{"patiotime_single_page_hide_site_header":"","patiotime_single_page_site_header_source":"","patiotime_single_page_custom_site_header":"0","patiotime_single_page_custom_sticky_site_header":"0","patiotime_single_page_custom_page_title_margin_top_source":"","patiotime_single_page_custom_page_title_desktop_margin_top":"","patiotime_single_page_custom_page_title_tablet_margin_top":"","patiotime_single_page_custom_page_title_mobile_margin_top":"","patiotime_single_page_hide_page_title":"","patiotime_single_page_header_section_size":"","patiotime_single_page_header_background_color":"","patiotime_single_page_header_background_position_x":"center","patiotime_single_page_header_background_position_y":"center","patiotime_single_page_header_background_size":"cover","patiotime_single_page_header_background_repeat":"off","patiotime_single_page_header_background_scroll":"on","patiotime_single_page_header_text_color":"","patiotime_single_page_header_show_breadcrumb":"","patiotime_single_page_site_footer_hide_main":"","patiotime_single_custom_site_footer_main_source":"","patiotime_single_custom_site_footer_main":"0","patiotime_single_page_site_footer_hide_above":"","patiotime_single_custom_site_footer_above_source":"","patiotime_single_custom_site_footer_above":"0","patiotime_single_page_site_footer_hide_instagram":"","patiotime_single_page_site_footer_hide_bottom":"","patiotime_single_custom_mobile_menu_source":"","patiotime_single_custom_mobile_menu":"0","patiotime_single_custom_mobile_menu_animation":"","patiotime_single_custom_mobile_menu_width":"","patiotime_single_custom_mobile_menu_custom_width":375,"footnotes":""},"class_list":["post-2","page","type-page","status-publish","hentry"],"yoast_head":"<!-- This site is optimized with the Yoast SEO plugin v27.6 - https:\/\/yoast.com\/product\/yoast-seo-wordpress\/ -->\n<title>Chaps Wroc\u0142aw - Chaps Wroc\u0142aw<\/title>\n<meta name=\"robots\" content=\"index, follow, max-snippet:-1, max-image-preview:large, max-video-preview:-1\" \/>\n<link rel=\"canonical\" href=\"https:\/\/chaps.wroclaw.pl\/it\/chaps-wroclaw\/\" \/>\n<meta property=\"og:locale\" content=\"it_IT\" \/>\n<meta property=\"og:type\" content=\"article\" \/>\n<meta property=\"og:title\" content=\"Chaps Wroc\u0142aw - Chaps Wroc\u0142aw\" \/>\n<meta property=\"og:description\" content=\"ZOBACZ KART\u0118 KOKTAJLI Dodaj relacj\u0119 i oznacz @chaps.wroclaw\" \/>\n<meta property=\"og:url\" content=\"https:\/\/chaps.wroclaw.pl\/it\/chaps-wroclaw\/\" \/>\n<meta property=\"og:site_name\" content=\"Chaps Wroc\u0142aw\" \/>\n<meta property=\"article:publisher\" content=\"https:\/\/www.facebook.com\/p\/CHAPS-Wrocaw-61582998044513\/\" \/>\n<meta property=\"article:modified_time\" content=\"2026-03-11T09:42:15+00:00\" \/>\n<meta property=\"og:image\" content=\"https:\/\/chaps.wroclaw.pl\/wp-content\/uploads\/2026\/03\/CHAPS-GASTROPUB-WROCLAW-logo-1024x1024.webp\" \/>\n<meta name=\"twitter:card\" content=\"summary_large_image\" \/>\n<script type=\"application\/ld+json\" class=\"yoast-schema-graph\">{\"@context\":\"https:\\\/\\\/schema.org\",\"@graph\":[{\"@type\":\"WebPage\",\"@id\":\"https:\\\/\\\/chaps.wroclaw.pl\\\/chaps-wroclaw\\\/\",\"url\":\"https:\\\/\\\/chaps.wroclaw.pl\\\/chaps-wroclaw\\\/\",\"name\":\"Chaps Wroc\u0142aw - Chaps Wroc\u0142aw\",\"isPartOf\":{\"@id\":\"https:\\\/\\\/chaps.wroclaw.pl\\\/#website\"},\"primaryImageOfPage\":{\"@id\":\"https:\\\/\\\/chaps.wroclaw.pl\\\/chaps-wroclaw\\\/#primaryimage\"},\"image\":{\"@id\":\"https:\\\/\\\/chaps.wroclaw.pl\\\/chaps-wroclaw\\\/#primaryimage\"},\"thumbnailUrl\":\"https:\\\/\\\/chaps.wroclaw.pl\\\/wp-content\\\/uploads\\\/2026\\\/03\\\/CHAPS-GASTROPUB-WROCLAW-logo-1024x1024.webp\",\"datePublished\":\"2026-03-08T19:53:15+00:00\",\"dateModified\":\"2026-03-11T09:42:15+00:00\",\"breadcrumb\":{\"@id\":\"https:\\\/\\\/chaps.wroclaw.pl\\\/chaps-wroclaw\\\/#breadcrumb\"},\"inLanguage\":\"it-IT\",\"potentialAction\":[{\"@type\":\"ReadAction\",\"target\":[\"https:\\\/\\\/chaps.wroclaw.pl\\\/chaps-wroclaw\\\/\"]}]},{\"@type\":\"ImageObject\",\"inLanguage\":\"it-IT\",\"@id\":\"https:\\\/\\\/chaps.wroclaw.pl\\\/chaps-wroclaw\\\/#primaryimage\",\"url\":\"https:\\\/\\\/chaps.wroclaw.pl\\\/wp-content\\\/uploads\\\/2026\\\/03\\\/CHAPS-GASTROPUB-WROCLAW-logo-1024x1024.webp\",\"contentUrl\":\"https:\\\/\\\/chaps.wroclaw.pl\\\/wp-content\\\/uploads\\\/2026\\\/03\\\/CHAPS-GASTROPUB-WROCLAW-logo-1024x1024.webp\"},{\"@type\":\"BreadcrumbList\",\"@id\":\"https:\\\/\\\/chaps.wroclaw.pl\\\/chaps-wroclaw\\\/#breadcrumb\",\"itemListElement\":[{\"@type\":\"ListItem\",\"position\":1,\"name\":\"Strona g\u0142\u00f3wna\",\"item\":\"https:\\\/\\\/chaps.wroclaw.pl\\\/\"},{\"@type\":\"ListItem\",\"position\":2,\"name\":\"Chaps Wroc\u0142aw\"}]},{\"@type\":\"WebSite\",\"@id\":\"https:\\\/\\\/chaps.wroclaw.pl\\\/#website\",\"url\":\"https:\\\/\\\/chaps.wroclaw.pl\\\/\",\"name\":\"Smash Burger Chaps Wroc\u0142aw\",\"description\":\"Smash Burger Wroc\u0142aw\",\"publisher\":{\"@id\":\"https:\\\/\\\/chaps.wroclaw.pl\\\/#organization\"},\"potentialAction\":[{\"@type\":\"SearchAction\",\"target\":{\"@type\":\"EntryPoint\",\"urlTemplate\":\"https:\\\/\\\/chaps.wroclaw.pl\\\/?s={search_term_string}\"},\"query-input\":{\"@type\":\"PropertyValueSpecification\",\"valueRequired\":true,\"valueName\":\"search_term_string\"}}],\"inLanguage\":\"it-IT\"},{\"@type\":\"Organization\",\"@id\":\"https:\\\/\\\/chaps.wroclaw.pl\\\/#organization\",\"name\":\"Chaps Wroc\u0142aw\",\"url\":\"https:\\\/\\\/chaps.wroclaw.pl\\\/\",\"logo\":{\"@type\":\"ImageObject\",\"inLanguage\":\"it-IT\",\"@id\":\"https:\\\/\\\/chaps.wroclaw.pl\\\/#\\\/schema\\\/logo\\\/image\\\/\",\"url\":\"https:\\\/\\\/chaps.wroclaw.pl\\\/wp-content\\\/uploads\\\/2026\\\/03\\\/cropped-cropped-favicon-chaps-wroclaw-1.webp\",\"contentUrl\":\"https:\\\/\\\/chaps.wroclaw.pl\\\/wp-content\\\/uploads\\\/2026\\\/03\\\/cropped-cropped-favicon-chaps-wroclaw-1.webp\",\"width\":511,\"height\":511,\"caption\":\"Chaps Wroc\u0142aw\"},\"image\":{\"@id\":\"https:\\\/\\\/chaps.wroclaw.pl\\\/#\\\/schema\\\/logo\\\/image\\\/\"},\"sameAs\":[\"https:\\\/\\\/www.facebook.com\\\/p\\\/CHAPS-Wrocaw-61582998044513\\\/\",\"https:\\\/\\\/www.instagram.com\\\/chaps.wroclaw\\\/\"]}]}<\/script>\n<!-- \/ Yoast SEO plugin. -->","yoast_head_json":{"title":"Chaps Wroc\u0142aw - Chaps Wroc\u0142aw","robots":{"index":"index","follow":"follow","max-snippet":"max-snippet:-1","max-image-preview":"max-image-preview:large","max-video-preview":"max-video-preview:-1"},"canonical":"https:\/\/chaps.wroclaw.pl\/it\/chaps-wroclaw\/","og_locale":"it_IT","og_type":"article","og_title":"Chaps Wroc\u0142aw - Chaps Wroc\u0142aw","og_description":"ZOBACZ KART\u0118 KOKTAJLI Dodaj relacj\u0119 i oznacz @chaps.wroclaw","og_url":"https:\/\/chaps.wroclaw.pl\/it\/chaps-wroclaw\/","og_site_name":"Chaps Wroc\u0142aw","article_publisher":"https:\/\/www.facebook.com\/p\/CHAPS-Wrocaw-61582998044513\/","article_modified_time":"2026-03-11T09:42:15+00:00","og_image":[{"url":"https:\/\/chaps.wroclaw.pl\/wp-content\/uploads\/2026\/03\/CHAPS-GASTROPUB-WROCLAW-logo-1024x1024.webp","type":"","width":"","height":""}],"twitter_card":"summary_large_image","schema":{"@context":"https:\/\/schema.org","@graph":[{"@type":"WebPage","@id":"https:\/\/chaps.wroclaw.pl\/chaps-wroclaw\/","url":"https:\/\/chaps.wroclaw.pl\/chaps-wroclaw\/","name":"Chaps Wroc\u0142aw - Chaps Wroc\u0142aw","isPartOf":{"@id":"https:\/\/chaps.wroclaw.pl\/#website"},"primaryImageOfPage":{"@id":"https:\/\/chaps.wroclaw.pl\/chaps-wroclaw\/#primaryimage"},"image":{"@id":"https:\/\/chaps.wroclaw.pl\/chaps-wroclaw\/#primaryimage"},"thumbnailUrl":"https:\/\/chaps.wroclaw.pl\/wp-content\/uploads\/2026\/03\/CHAPS-GASTROPUB-WROCLAW-logo-1024x1024.webp","datePublished":"2026-03-08T19:53:15+00:00","dateModified":"2026-03-11T09:42:15+00:00","breadcrumb":{"@id":"https:\/\/chaps.wroclaw.pl\/chaps-wroclaw\/#breadcrumb"},"inLanguage":"it-IT","potentialAction":[{"@type":"ReadAction","target":["https:\/\/chaps.wroclaw.pl\/chaps-wroclaw\/"]}]},{"@type":"ImageObject","inLanguage":"it-IT","@id":"https:\/\/chaps.wroclaw.pl\/chaps-wroclaw\/#primaryimage","url":"https:\/\/chaps.wroclaw.pl\/wp-content\/uploads\/2026\/03\/CHAPS-GASTROPUB-WROCLAW-logo-1024x1024.webp","contentUrl":"https:\/\/chaps.wroclaw.pl\/wp-content\/uploads\/2026\/03\/CHAPS-GASTROPUB-WROCLAW-logo-1024x1024.webp"},{"@type":"BreadcrumbList","@id":"https:\/\/chaps.wroclaw.pl\/chaps-wroclaw\/#breadcrumb","itemListElement":[{"@type":"ListItem","position":1,"name":"Strona g\u0142\u00f3wna","item":"https:\/\/chaps.wroclaw.pl\/"},{"@type":"ListItem","position":2,"name":"Chaps Wroc\u0142aw"}]},{"@type":"WebSite","@id":"https:\/\/chaps.wroclaw.pl\/#website","url":"https:\/\/chaps.wroclaw.pl\/","name":"Smash Burger Chaps Wroc\u0142aw","description":"Smash Burger Wroc\u0142aw","publisher":{"@id":"https:\/\/chaps.wroclaw.pl\/#organization"},"potentialAction":[{"@type":"SearchAction","target":{"@type":"EntryPoint","urlTemplate":"https:\/\/chaps.wroclaw.pl\/?s={search_term_string}"},"query-input":{"@type":"PropertyValueSpecification","valueRequired":true,"valueName":"search_term_string"}}],"inLanguage":"it-IT"},{"@type":"Organization","@id":"https:\/\/chaps.wroclaw.pl\/#organization","name":"Chaps Wroclaw","url":"https:\/\/chaps.wroclaw.pl\/","logo":{"@type":"ImageObject","inLanguage":"it-IT","@id":"https:\/\/chaps.wroclaw.pl\/#\/schema\/logo\/image\/","url":"https:\/\/chaps.wroclaw.pl\/wp-content\/uploads\/2026\/03\/cropped-cropped-favicon-chaps-wroclaw-1.webp","contentUrl":"https:\/\/chaps.wroclaw.pl\/wp-content\/uploads\/2026\/03\/cropped-cropped-favicon-chaps-wroclaw-1.webp","width":511,"height":511,"caption":"Chaps Wroc\u0142aw"},"image":{"@id":"https:\/\/chaps.wroclaw.pl\/#\/schema\/logo\/image\/"},"sameAs":["https:\/\/www.facebook.com\/p\/CHAPS-Wrocaw-61582998044513\/","https:\/\/www.instagram.com\/chaps.wroclaw\/"]}]}},"_links":{"self":[{"href":"https:\/\/chaps.wroclaw.pl\/it\/wp-json\/wp\/v2\/pages\/2","targetHints":{"allow":["GET"]}}],"collection":[{"href":"https:\/\/chaps.wroclaw.pl\/it\/wp-json\/wp\/v2\/pages"}],"about":[{"href":"https:\/\/chaps.wroclaw.pl\/it\/wp-json\/wp\/v2\/types\/page"}],"author":[{"embeddable":true,"href":"https:\/\/chaps.wroclaw.pl\/it\/wp-json\/wp\/v2\/users\/1"}],"replies":[{"embeddable":true,"href":"https:\/\/chaps.wroclaw.pl\/it\/wp-json\/wp\/v2\/comments?post=2"}],"version-history":[{"count":78,"href":"https:\/\/chaps.wroclaw.pl\/it\/wp-json\/wp\/v2\/pages\/2\/revisions"}],"predecessor-version":[{"id":258,"href":"https:\/\/chaps.wroclaw.pl\/it\/wp-json\/wp\/v2\/pages\/2\/revisions\/258"}],"wp:attachment":[{"href":"https:\/\/chaps.wroclaw.pl\/it\/wp-json\/wp\/v2\/media?parent=2"}],"curies":[{"name":"wp","href":"https:\/\/api.w.org\/{rel}","templated":true}]}}