{"id":4892,"date":"2022-04-05T13:54:45","date_gmt":"2022-04-05T13:54:45","guid":{"rendered":"https:\/\/patiotime.loftocean.com\/demo2\/?page_id=4892"},"modified":"2026-04-30T14:07:35","modified_gmt":"2026-04-30T12:07:35","slug":"kontakt","status":"publish","type":"page","link":"https:\/\/chaps.wroclaw.pl\/de\/kontakt\/","title":{"rendered":"Kontakt"},"content":{"rendered":"<div data-elementor-type=\"wp-page\" data-elementor-id=\"4892\" class=\"elementor elementor-4892\" data-elementor-post-type=\"page\">\n\t\t\t\t\t\t<section class=\"elementor-section elementor-top-section elementor-element elementor-element-3a673f5b elementor-section-full_width elementor-reverse-tablet elementor-reverse-mobile elementor-section-height-default elementor-section-height-default\" data-id=\"3a673f5b\" data-element_type=\"section\" data-e-type=\"section\">\n\t\t\t\t\t\t<div class=\"elementor-container elementor-column-gap-no\">\n\t\t\t\t\t<div class=\"elementor-column elementor-col-50 elementor-top-column elementor-element elementor-element-24b3ed1c\" data-id=\"24b3ed1c\" data-element_type=\"column\" data-e-type=\"column\" data-settings=\"{&quot;background_background&quot;:&quot;classic&quot;}\">\n\t\t\t<div class=\"elementor-widget-wrap elementor-element-populated\">\n\t\t\t\t\t<div class=\"elementor-background-overlay\"><\/div>\n\t\t\t\t\t\t<div class=\"elementor-element elementor-element-19096501 pt-animation-medium-offset elementor-invisible elementor-widget elementor-widget-pt_title\" data-id=\"19096501\" data-element_type=\"widget\" data-e-type=\"widget\" data-settings=\"{&quot;_animation&quot;:&quot;fadeInUp&quot;,&quot;_animation_delay&quot;:100}\" data-widget_type=\"pt_title.default\">\n\t\t\t\t<div class=\"elementor-widget-container\">\n\t\t\t\t\t\n        <div class=\"pt-title-wrap\">\t            <div class=\"pt-subtitle-wrap\"><span class=\"pt-subtitle color-secondary style-bordered\">lOKALIZACJA<\/span><\/div>\t            <h5 class=\"pt-title color-white\">\n\t                GDZIE NAS ZNAJDZIESZ\t            <\/h5>\t            <div class=\"pt-title-text\">\n\t                <p data-start=\"0\" data-end=\"289\">Chaps Wroc\u0142aw znajduje si\u0119 przy ul. Ksi\u0119cia Witolda, niedaleko Starego Miasta, tu\u017c przy Odrze. To wygodna lokalizacja zar\u00f3wno dla os\u00f3b spaceruj\u0105cych po centrum, jak i tych, kt\u00f3re chc\u0105 wpa\u015b\u0107 na dobrego burgera w pobli\u017cu jednej z najbardziej klimatycznych cz\u0119\u015bci miasta.<\/p><p data-start=\"291\" data-end=\"574\" data-is-last-node=\"\" data-is-only-node=\"\">Blisko\u015b\u0107 Odry, bulwar\u00f3w i Starego Miasta sprawia, \u017ce Chaps jest \u015bwietnym miejscem na szybki lunch, lu\u017ane spotkanie ze znajomymi albo przystanek podczas spaceru po Wroc\u0142awiu. Do lokalu \u0142atwo dotrze\u0107 pieszo z centrum, a okolica dobrze wpisuje si\u0119 w miejski, swobodny charakter miejsca.<\/p>\t            <\/div>        <\/div>\t\t\t\t<\/div>\n\t\t\t\t<\/div>\n\t\t\t\t<div class=\"elementor-element elementor-element-324d235a pt-animation-medium-offset elementor-invisible elementor-widget elementor-widget-pt_info\" data-id=\"324d235a\" data-element_type=\"widget\" data-e-type=\"widget\" data-settings=\"{&quot;_animation&quot;:&quot;fadeInUp&quot;,&quot;_animation_delay&quot;:300}\" data-widget_type=\"pt_info.default\">\n\t\t\t\t<div class=\"elementor-widget-container\">\n\t\t\t\t\t\t            <div class=\"pt-info pt-address\">\n\t                <a href=\"https:\/\/maps.app.goo.gl\/FiYcQcFTMy4zj4ju6\">\t                    <i class=\"fas fa-map-marker-alt\"><\/i> Ksi\u0119cia Witolda 48e, 50-202 Breslau\t                <\/a>\t            <\/div>\t\t\t\t<\/div>\n\t\t\t\t<\/div>\n\t\t\t\t<div class=\"elementor-element elementor-element-421c5dd3 pt-animation-medium-offset elementor-invisible elementor-widget elementor-widget-pt_info\" data-id=\"421c5dd3\" data-element_type=\"widget\" data-e-type=\"widget\" data-settings=\"{&quot;_animation&quot;:&quot;fadeInUp&quot;,&quot;_animation_delay&quot;:300}\" data-widget_type=\"pt_info.default\">\n\t\t\t\t<div class=\"elementor-widget-container\">\n\t\t\t\t\t\t            <div class=\"pt-info pt-tel\">\n\t                <a href=\"tel:+48 500 311 314\">\t                    <i class=\"fas fa-phone\"><\/i> +48 500 311 314\t                <\/a>\t            <\/div>\t\t\t\t<\/div>\n\t\t\t\t<\/div>\n\t\t\t\t<div class=\"elementor-element elementor-element-a03511a pt-animation-medium-offset elementor-invisible elementor-widget elementor-widget-pt_info\" data-id=\"a03511a\" data-element_type=\"widget\" data-e-type=\"widget\" data-settings=\"{&quot;_animation&quot;:&quot;fadeInUp&quot;,&quot;_animation_delay&quot;:300}\" data-widget_type=\"pt_info.default\">\n\t\t\t\t<div class=\"elementor-widget-container\">\n\t\t\t\t\t\t            <div class=\"pt-info pt-email\">\n\t                <a href=\"mailto:rezerwacje@chaps.wroclaw.pl\">\t                    <i class=\"far fa-envelope\"><\/i> rezerwacje@chaps.wroclaw.pl\t                <\/a>\t            <\/div>\t\t\t\t<\/div>\n\t\t\t\t<\/div>\n\t\t\t\t<div class=\"elementor-element elementor-element-2d8a3df5 pt-animation-medium-offset elementor-invisible elementor-widget elementor-widget-pt_button\" data-id=\"2d8a3df5\" data-element_type=\"widget\" data-e-type=\"widget\" data-settings=\"{&quot;_animation&quot;:&quot;fadeInUp&quot;,&quot;_animation_delay&quot;:500}\" data-widget_type=\"pt_button.default\">\n\t\t\t\t<div class=\"elementor-widget-container\">\n\t\t\t\t\t        <a href=\"https:\/\/maps.app.goo.gl\/WEF4T88bzJo3CPSo9\" target=\"_blank\" class=\"elementor-button-link button\" role=\"button\">\n            <span class=\"pt-btn-text\">NAWIGACJA<\/span>\n        <\/a>\t\t\t\t<\/div>\n\t\t\t\t<\/div>\n\t\t\t\t\t<\/div>\n\t\t<\/div>\n\t\t\t\t<div class=\"elementor-column elementor-col-50 elementor-top-column elementor-element elementor-element-489dd472\" data-id=\"489dd472\" data-element_type=\"column\" data-e-type=\"column\">\n\t\t\t<div class=\"elementor-widget-wrap elementor-element-populated\">\n\t\t\t\t\t\t<div class=\"elementor-element elementor-element-606fd55 elementor-widget elementor-widget-google_maps\" data-id=\"606fd55\" data-element_type=\"widget\" data-e-type=\"widget\" data-widget_type=\"google_maps.default\">\n\t\t\t\t\t\t\t<div class=\"elementor-custom-embed\">\n\t\t\t<iframe loading=\"lazy\"\n\t\t\t\t\tsrc=\"https:\/\/maps.google.com\/maps?q=Ksi%C4%99cia%20Witolda%2048e%2C%2050-202%20Wroc%C5%82aw&#038;t=m&#038;z=14&#038;output=embed&#038;iwloc=near\"\n\t\t\t\t\ttitle=\"Ksi\u0119cia Witolda 48e, 50-202 Breslau\"\n\t\t\t\t\taria-label=\"Ksi\u0119cia Witolda 48e, 50-202 Breslau\"\n\t\t\t><\/iframe>\n\t\t<\/div>\n\t\t\t\t\t\t<\/div>\n\t\t\t\t\t<\/div>\n\t\t<\/div>\n\t\t\t\t\t<\/div>\n\t\t<\/section>\n\t\t\t\t<section class=\"elementor-section elementor-top-section elementor-element elementor-element-52fd65fb elementor-section-full_width elementor-section-height-min-height elementor-section-items-stretch elementor-section-height-default\" data-id=\"52fd65fb\" data-element_type=\"section\" data-e-type=\"section\" data-settings=\"{&quot;background_background&quot;:&quot;classic&quot;}\">\n\t\t\t\t\t\t<div class=\"elementor-container elementor-column-gap-no\">\n\t\t\t\t\t<div class=\"elementor-column elementor-col-50 elementor-top-column elementor-element elementor-element-181a9750\" data-id=\"181a9750\" data-element_type=\"column\" data-e-type=\"column\" data-settings=\"{&quot;background_background&quot;:&quot;classic&quot;}\">\n\t\t\t<div class=\"elementor-widget-wrap elementor-element-populated\">\n\t\t\t\t\t\t<div class=\"elementor-element elementor-element-35d3768 elementor-widget elementor-widget-spacer\" data-id=\"35d3768\" data-element_type=\"widget\" data-e-type=\"widget\" data-widget_type=\"spacer.default\">\n\t\t\t\t\t\t\t<div class=\"elementor-spacer\">\n\t\t\t<div class=\"elementor-spacer-inner\"><\/div>\n\t\t<\/div>\n\t\t\t\t\t\t<\/div>\n\t\t\t\t\t<\/div>\n\t\t<\/div>\n\t\t\t\t<div class=\"elementor-column elementor-col-50 elementor-top-column elementor-element elementor-element-35501c98\" data-id=\"35501c98\" data-element_type=\"column\" data-e-type=\"column\" data-settings=\"{&quot;background_background&quot;:&quot;classic&quot;}\">\n\t\t\t<div class=\"elementor-widget-wrap elementor-element-populated\">\n\t\t\t\t\t<div class=\"elementor-background-overlay\"><\/div>\n\t\t\t\t\t\t<div class=\"elementor-element elementor-element-73d96b3 pt-animation-medium-offset elementor-invisible elementor-widget elementor-widget-pt_title\" data-id=\"73d96b3\" data-element_type=\"widget\" data-e-type=\"widget\" data-settings=\"{&quot;_animation&quot;:&quot;fadeInUp&quot;,&quot;_animation_delay&quot;:200}\" data-widget_type=\"pt_title.default\">\n\t\t\t\t<div class=\"elementor-widget-container\">\n\t\t\t\t\t\n        <div class=\"pt-title-wrap\">\t            <div class=\"pt-subtitle-wrap\"><span class=\"pt-subtitle color-secondary style-bordered\">POZOSTA\u0143SMY W KONTAKCIE<\/span><\/div>\t            <h5 class=\"pt-title color-white\">\n\t                NAPISZ DO NAS\t            <\/h5>        <\/div>\t\t\t\t<\/div>\n\t\t\t\t<\/div>\n\t\t\t\t<div class=\"elementor-element elementor-element-1f20a084 pt-animation-medium-offset elementor-invisible elementor-widget elementor-widget-pt_form_cf7\" data-id=\"1f20a084\" data-element_type=\"widget\" data-e-type=\"widget\" data-settings=\"{&quot;_animation&quot;:&quot;fadeInUp&quot;,&quot;_animation_delay&quot;:500}\" data-widget_type=\"pt_form_cf7.default\">\n\t\t\t\t<div class=\"elementor-widget-container\">\n\t\t\t\t\t            <div class=\"pt-form-cf7 placeholder-normal\">\n                <div class=\"pt-form-cf7-wrap\">\n<div class=\"wpcf7 no-js\" id=\"wpcf7-f4836-o1\" lang=\"en-US\" dir=\"ltr\" data-wpcf7-id=\"4836\">\n<div class=\"screen-reader-response\"><p role=\"status\" aria-live=\"polite\" aria-atomic=\"true\"><\/p> <ul><\/ul><\/div>\n<form action=\"\/de\/wp-json\/wp\/v2\/pages\/4892#wpcf7-f4836-o1\" method=\"post\" class=\"wpcf7-form init\" aria-label=\"Contact form\" novalidate=\"novalidate\" data-status=\"init\" data-trp-original-action=\"\/de\/wp-json\/wp\/v2\/pages\/4892#wpcf7-f4836-o1\">\n<fieldset class=\"hidden-fields-container\"><input type=\"hidden\" name=\"_wpcf7\" value=\"4836\" \/><input type=\"hidden\" name=\"_wpcf7_version\" value=\"6.1.5\" \/><input type=\"hidden\" name=\"_wpcf7_locale\" value=\"en_US\" \/><input type=\"hidden\" name=\"_wpcf7_unit_tag\" value=\"wpcf7-f4836-o1\" \/><input type=\"hidden\" name=\"_wpcf7_container_post\" value=\"0\" \/><input type=\"hidden\" name=\"_wpcf7_posted_data_hash\" value=\"\" \/>\n<\/fieldset>\n<div class=\"row\">\n\t<div class=\"col-1-2\">\n\t\t<p><label> Your name<br \/>\n<span class=\"wpcf7-form-control-wrap\" data-name=\"your-name\"><input size=\"40\" maxlength=\"400\" class=\"wpcf7-form-control wpcf7-text wpcf7-validates-as-required\" aria-required=\"true\" aria-invalid=\"false\" value=\"\" type=\"text\" name=\"your-name\" \/><\/span> <\/label>\n\t\t<\/p>\n\t<\/div>\n\t<div class=\"col-1-2\">\n\t\t<p><label> Your email<br \/>\n<span class=\"wpcf7-form-control-wrap\" data-name=\"your-email\"><input size=\"40\" maxlength=\"400\" class=\"wpcf7-form-control wpcf7-email wpcf7-validates-as-required wpcf7-text wpcf7-validates-as-email\" aria-required=\"true\" aria-invalid=\"false\" value=\"\" type=\"email\" name=\"your-email\" \/><\/span> <\/label>\n\t\t<\/p>\n\t<\/div>\n<\/div>\n<p><label> Subject<br \/>\n<span class=\"wpcf7-form-control-wrap\" data-name=\"your-subject\"><input size=\"40\" maxlength=\"400\" class=\"wpcf7-form-control wpcf7-text wpcf7-validates-as-required\" aria-required=\"true\" aria-invalid=\"false\" value=\"\" type=\"text\" name=\"your-subject\" \/><\/span> <\/label>\n<\/p>\n<p><label> Your message (optional)<br \/>\n<span class=\"wpcf7-form-control-wrap\" data-name=\"your-message\"><textarea cols=\"40\" rows=\"10\" maxlength=\"2000\" class=\"wpcf7-form-control wpcf7-textarea\" aria-invalid=\"false\" name=\"your-message\"><\/textarea><\/span> <\/label>\n<\/p>\n<p><input class=\"wpcf7-form-control wpcf7-submit has-spinner\" type=\"submit\" value=\"Submit\" \/>\n<\/p><div class=\"wpcf7-response-output\" aria-hidden=\"true\"><\/div>\n<input type=\"hidden\" name=\"trp-form-language\" value=\"de\"\/><\/form>\n<\/div>\n<\/div>\n            <\/div>\t\t\t\t<\/div>\n\t\t\t\t<\/div>\n\t\t\t\t\t<\/div>\n\t\t<\/div>\n\t\t\t\t\t<\/div>\n\t\t<\/section>\n\t\t\t\t<\/div>","protected":false},"excerpt":{"rendered":"<p>lOKALIZACJA GDZIE NAS ZNAJDZIESZ Chaps Wroc\u0142aw znajduje si\u0119 przy ul. Ksi\u0119cia Witolda, niedaleko Starego Miasta, tu\u017c przy Odrze. To wygodna lokalizacja zar\u00f3wno dla os\u00f3b spaceruj\u0105cych po centrum, jak i tych, kt\u00f3re chc\u0105 wpa\u015b\u0107 na dobrego burgera w pobli\u017cu jednej z najbardziej klimatycznych cz\u0119\u015bci miasta. Blisko\u015b\u0107 Odry, bulwar\u00f3w i Starego Miasta sprawia, \u017ce Chaps jest \u015bwietnym &#8230;<\/p>","protected":false},"author":1,"featured_media":0,"parent":0,"menu_order":0,"comment_status":"closed","ping_status":"closed","template":"template-wide-content.php","meta":{"patiotime_single_page_hide_site_header":"","patiotime_single_page_site_header_source":"","patiotime_single_page_custom_site_header":"0","patiotime_single_page_custom_sticky_site_header":"0","patiotime_single_page_custom_page_title_margin_top_source":"","patiotime_single_page_custom_page_title_desktop_margin_top":"","patiotime_single_page_custom_page_title_tablet_margin_top":"","patiotime_single_page_custom_page_title_mobile_margin_top":"","patiotime_single_page_hide_page_title":"on","patiotime_single_page_header_section_size":"","patiotime_single_page_header_background_color":"","patiotime_single_page_header_background_position_x":"center","patiotime_single_page_header_background_position_y":"center","patiotime_single_page_header_background_size":"cover","patiotime_single_page_header_background_repeat":"off","patiotime_single_page_header_background_scroll":"on","patiotime_single_page_header_text_color":"","patiotime_single_page_header_show_breadcrumb":"","patiotime_single_page_site_footer_hide_main":"","patiotime_single_custom_site_footer_main_source":"","patiotime_single_custom_site_footer_main":"0","patiotime_single_page_site_footer_hide_above":"on","patiotime_single_custom_site_footer_above_source":"","patiotime_single_custom_site_footer_above":"0","patiotime_single_page_site_footer_hide_instagram":"","patiotime_single_page_site_footer_hide_bottom":"","patiotime_single_custom_mobile_menu_source":"","patiotime_single_custom_mobile_menu":"0","patiotime_single_custom_mobile_menu_animation":"","patiotime_single_custom_mobile_menu_width":"","patiotime_single_custom_mobile_menu_custom_width":375,"footnotes":""},"class_list":["post-4892","page","type-page","status-publish","hentry"],"yoast_head":"<!-- This site is optimized with the Yoast SEO plugin v27.6 - https:\/\/yoast.com\/product\/yoast-seo-wordpress\/ -->\n<title>Kontakt - Chaps Wroc\u0142aw<\/title>\n<meta name=\"robots\" content=\"index, follow, max-snippet:-1, max-image-preview:large, max-video-preview:-1\" \/>\n<link rel=\"canonical\" href=\"https:\/\/chaps.wroclaw.pl\/de\/kontakt\/\" \/>\n<meta property=\"og:locale\" content=\"de_DE\" \/>\n<meta property=\"og:type\" content=\"article\" \/>\n<meta property=\"og:title\" content=\"Kontakt - Chaps Wroc\u0142aw\" \/>\n<meta property=\"og:description\" content=\"lOKALIZACJA GDZIE NAS ZNAJDZIESZ Chaps Wroc\u0142aw znajduje si\u0119 przy ul. Ksi\u0119cia Witolda, niedaleko Starego Miasta, tu\u017c przy Odrze. To wygodna lokalizacja zar\u00f3wno dla os\u00f3b spaceruj\u0105cych po centrum, jak i tych, kt\u00f3re chc\u0105 wpa\u015b\u0107 na dobrego burgera w pobli\u017cu jednej z najbardziej klimatycznych cz\u0119\u015bci miasta. Blisko\u015b\u0107 Odry, bulwar\u00f3w i Starego Miasta sprawia, \u017ce Chaps jest \u015bwietnym ...\" \/>\n<meta property=\"og:url\" content=\"https:\/\/chaps.wroclaw.pl\/de\/kontakt\/\" \/>\n<meta property=\"og:site_name\" content=\"Chaps Wroc\u0142aw\" \/>\n<meta property=\"article:publisher\" content=\"https:\/\/www.facebook.com\/p\/CHAPS-Wrocaw-61582998044513\/\" \/>\n<meta property=\"article:modified_time\" content=\"2026-04-30T12:07:35+00:00\" \/>\n<meta name=\"twitter:card\" content=\"summary_large_image\" \/>\n<meta name=\"twitter:label1\" content=\"Gesch\u00e4tzte Lesezeit\" \/>\n\t<meta name=\"twitter:data1\" content=\"1\u00a0Minute\" \/>\n<script type=\"application\/ld+json\" class=\"yoast-schema-graph\">{\"@context\":\"https:\\\/\\\/schema.org\",\"@graph\":[{\"@type\":\"WebPage\",\"@id\":\"https:\\\/\\\/chaps.wroclaw.pl\\\/kontakt\\\/\",\"url\":\"https:\\\/\\\/chaps.wroclaw.pl\\\/kontakt\\\/\",\"name\":\"Kontakt - Chaps Wroc\u0142aw\",\"isPartOf\":{\"@id\":\"https:\\\/\\\/chaps.wroclaw.pl\\\/#website\"},\"datePublished\":\"2022-04-05T13:54:45+00:00\",\"dateModified\":\"2026-04-30T12:07:35+00:00\",\"breadcrumb\":{\"@id\":\"https:\\\/\\\/chaps.wroclaw.pl\\\/kontakt\\\/#breadcrumb\"},\"inLanguage\":\"de\",\"potentialAction\":[{\"@type\":\"ReadAction\",\"target\":[\"https:\\\/\\\/chaps.wroclaw.pl\\\/kontakt\\\/\"]}]},{\"@type\":\"BreadcrumbList\",\"@id\":\"https:\\\/\\\/chaps.wroclaw.pl\\\/kontakt\\\/#breadcrumb\",\"itemListElement\":[{\"@type\":\"ListItem\",\"position\":1,\"name\":\"Strona g\u0142\u00f3wna\",\"item\":\"https:\\\/\\\/chaps.wroclaw.pl\\\/\"},{\"@type\":\"ListItem\",\"position\":2,\"name\":\"Kontakt\"}]},{\"@type\":\"WebSite\",\"@id\":\"https:\\\/\\\/chaps.wroclaw.pl\\\/#website\",\"url\":\"https:\\\/\\\/chaps.wroclaw.pl\\\/\",\"name\":\"Smash Burger Chaps Wroc\u0142aw\",\"description\":\"Smash Burger Wroc\u0142aw\",\"publisher\":{\"@id\":\"https:\\\/\\\/chaps.wroclaw.pl\\\/#organization\"},\"potentialAction\":[{\"@type\":\"SearchAction\",\"target\":{\"@type\":\"EntryPoint\",\"urlTemplate\":\"https:\\\/\\\/chaps.wroclaw.pl\\\/?s={search_term_string}\"},\"query-input\":{\"@type\":\"PropertyValueSpecification\",\"valueRequired\":true,\"valueName\":\"search_term_string\"}}],\"inLanguage\":\"de\"},{\"@type\":\"Organization\",\"@id\":\"https:\\\/\\\/chaps.wroclaw.pl\\\/#organization\",\"name\":\"Chaps Wroc\u0142aw\",\"url\":\"https:\\\/\\\/chaps.wroclaw.pl\\\/\",\"logo\":{\"@type\":\"ImageObject\",\"inLanguage\":\"de\",\"@id\":\"https:\\\/\\\/chaps.wroclaw.pl\\\/#\\\/schema\\\/logo\\\/image\\\/\",\"url\":\"https:\\\/\\\/chaps.wroclaw.pl\\\/wp-content\\\/uploads\\\/2026\\\/03\\\/cropped-cropped-favicon-chaps-wroclaw-1.webp\",\"contentUrl\":\"https:\\\/\\\/chaps.wroclaw.pl\\\/wp-content\\\/uploads\\\/2026\\\/03\\\/cropped-cropped-favicon-chaps-wroclaw-1.webp\",\"width\":511,\"height\":511,\"caption\":\"Chaps Wroc\u0142aw\"},\"image\":{\"@id\":\"https:\\\/\\\/chaps.wroclaw.pl\\\/#\\\/schema\\\/logo\\\/image\\\/\"},\"sameAs\":[\"https:\\\/\\\/www.facebook.com\\\/p\\\/CHAPS-Wrocaw-61582998044513\\\/\",\"https:\\\/\\\/www.instagram.com\\\/chaps.wroclaw\\\/\"]}]}<\/script>\n<!-- \/ Yoast SEO plugin. -->","yoast_head_json":{"title":"Kontakt - Chaps Wroc\u0142aw","robots":{"index":"index","follow":"follow","max-snippet":"max-snippet:-1","max-image-preview":"max-image-preview:large","max-video-preview":"max-video-preview:-1"},"canonical":"https:\/\/chaps.wroclaw.pl\/de\/kontakt\/","og_locale":"de_DE","og_type":"article","og_title":"Kontakt - Chaps Wroc\u0142aw","og_description":"lOKALIZACJA GDZIE NAS ZNAJDZIESZ Chaps Wroc\u0142aw znajduje si\u0119 przy ul. Ksi\u0119cia Witolda, niedaleko Starego Miasta, tu\u017c przy Odrze. To wygodna lokalizacja zar\u00f3wno dla os\u00f3b spaceruj\u0105cych po centrum, jak i tych, kt\u00f3re chc\u0105 wpa\u015b\u0107 na dobrego burgera w pobli\u017cu jednej z najbardziej klimatycznych cz\u0119\u015bci miasta. Blisko\u015b\u0107 Odry, bulwar\u00f3w i Starego Miasta sprawia, \u017ce Chaps jest \u015bwietnym ...","og_url":"https:\/\/chaps.wroclaw.pl\/de\/kontakt\/","og_site_name":"Chaps Wroc\u0142aw","article_publisher":"https:\/\/www.facebook.com\/p\/CHAPS-Wrocaw-61582998044513\/","article_modified_time":"2026-04-30T12:07:35+00:00","twitter_card":"summary_large_image","twitter_misc":{"Gesch\u00e4tzte Lesezeit":"1\u00a0Minute"},"schema":{"@context":"https:\/\/schema.org","@graph":[{"@type":"WebPage","@id":"https:\/\/chaps.wroclaw.pl\/kontakt\/","url":"https:\/\/chaps.wroclaw.pl\/kontakt\/","name":"Kontakt - Chaps Wroc\u0142aw","isPartOf":{"@id":"https:\/\/chaps.wroclaw.pl\/#website"},"datePublished":"2022-04-05T13:54:45+00:00","dateModified":"2026-04-30T12:07:35+00:00","breadcrumb":{"@id":"https:\/\/chaps.wroclaw.pl\/kontakt\/#breadcrumb"},"inLanguage":"de","potentialAction":[{"@type":"ReadAction","target":["https:\/\/chaps.wroclaw.pl\/kontakt\/"]}]},{"@type":"BreadcrumbList","@id":"https:\/\/chaps.wroclaw.pl\/kontakt\/#breadcrumb","itemListElement":[{"@type":"ListItem","position":1,"name":"Strona g\u0142\u00f3wna","item":"https:\/\/chaps.wroclaw.pl\/"},{"@type":"ListItem","position":2,"name":"Kontakt"}]},{"@type":"WebSite","@id":"https:\/\/chaps.wroclaw.pl\/#website","url":"https:\/\/chaps.wroclaw.pl\/","name":"Smash Burger Chaps Wroc\u0142aw","description":"Smash Burger Wroc\u0142aw","publisher":{"@id":"https:\/\/chaps.wroclaw.pl\/#organization"},"potentialAction":[{"@type":"SearchAction","target":{"@type":"EntryPoint","urlTemplate":"https:\/\/chaps.wroclaw.pl\/?s={search_term_string}"},"query-input":{"@type":"PropertyValueSpecification","valueRequired":true,"valueName":"search_term_string"}}],"inLanguage":"de"},{"@type":"Organization","@id":"https:\/\/chaps.wroclaw.pl\/#organization","name":"Chaps Breslau","url":"https:\/\/chaps.wroclaw.pl\/","logo":{"@type":"ImageObject","inLanguage":"de","@id":"https:\/\/chaps.wroclaw.pl\/#\/schema\/logo\/image\/","url":"https:\/\/chaps.wroclaw.pl\/wp-content\/uploads\/2026\/03\/cropped-cropped-favicon-chaps-wroclaw-1.webp","contentUrl":"https:\/\/chaps.wroclaw.pl\/wp-content\/uploads\/2026\/03\/cropped-cropped-favicon-chaps-wroclaw-1.webp","width":511,"height":511,"caption":"Chaps Wroc\u0142aw"},"image":{"@id":"https:\/\/chaps.wroclaw.pl\/#\/schema\/logo\/image\/"},"sameAs":["https:\/\/www.facebook.com\/p\/CHAPS-Wrocaw-61582998044513\/","https:\/\/www.instagram.com\/chaps.wroclaw\/"]}]}},"_links":{"self":[{"href":"https:\/\/chaps.wroclaw.pl\/de\/wp-json\/wp\/v2\/pages\/4892","targetHints":{"allow":["GET"]}}],"collection":[{"href":"https:\/\/chaps.wroclaw.pl\/de\/wp-json\/wp\/v2\/pages"}],"about":[{"href":"https:\/\/chaps.wroclaw.pl\/de\/wp-json\/wp\/v2\/types\/page"}],"author":[{"embeddable":true,"href":"https:\/\/chaps.wroclaw.pl\/de\/wp-json\/wp\/v2\/users\/1"}],"replies":[{"embeddable":true,"href":"https:\/\/chaps.wroclaw.pl\/de\/wp-json\/wp\/v2\/comments?post=4892"}],"version-history":[{"count":4,"href":"https:\/\/chaps.wroclaw.pl\/de\/wp-json\/wp\/v2\/pages\/4892\/revisions"}],"predecessor-version":[{"id":6924,"href":"https:\/\/chaps.wroclaw.pl\/de\/wp-json\/wp\/v2\/pages\/4892\/revisions\/6924"}],"wp:attachment":[{"href":"https:\/\/chaps.wroclaw.pl\/de\/wp-json\/wp\/v2\/media?parent=4892"}],"curies":[{"name":"wp","href":"https:\/\/api.w.org\/{rel}","templated":true}]}}